{"id":954,"date":"2024-09-06T07:39:52","date_gmt":"2024-09-06T07:39:52","guid":{"rendered":"https:\/\/bytebrainblog.com\/?page_id=954"},"modified":"2025-02-12T14:01:57","modified_gmt":"2025-02-12T14:01:57","slug":"ortopedie-pediatrica","status":"publish","type":"page","link":"https:\/\/bytebrainblog.com\/index.php\/ortopedie-pediatrica\/","title":{"rendered":"Ortopedie pediatric\u0103"},"content":{"rendered":"\n<p>La Clinica Adeomed, suntem dedica\u021bi s\u0103 oferim cea mai \u00eenalt\u0103 calitate de \u00eengrijire ortopedic\u0103 pentru cei mai mici pacien\u021bi ai no\u0219tri. Departamentul nostru de <a href=\"http:\/\/www.sprite.ro\/\">ortopedie pediatric\u0103<\/a> reprezint\u0103 o punte \u00eentre \u0219tiin\u021ba medical\u0103 avansat\u0103 \u0219i arta restaur\u0103rii s\u0103n\u0103t\u0103\u021bii \u0219i mobilit\u0103\u021bii copiilor. Ne-am angajat s\u0103 ajut\u0103m copiii s\u0103 se recupereze de accidente, leziuni sau afec\u021biuni congenitale, s\u0103-\u0219i rec\u00e2\u0219tige independen\u021ba \u0219i s\u0103-\u0219i continue via\u021ba activ\u0103.<\/p>\n\n\n\n<h3 class=\"wp-block-heading\"><strong>O Echip\u0103 de Exper\u021bi \u00een ortopedie pediatric\u0103<\/strong><\/h3>\n\n\n\n<p>Echipa noastr\u0103 de ortopezi pediatrici este format\u0103 din exper\u021bi cu experien\u021b\u0103 vast\u0103 \u00een diagnosticarea \u0219i tratamentul afec\u021biunilor ortopedice la copii. Avem o \u00een\u021belegere profund\u0103 a dezvolt\u0103rii oaselor \u0219i articula\u021biilor \u00een cre\u0219tere, \u0219i suntem specializa\u021bi \u00een tratarea unei game variate de probleme ortopedice, inclusiv luxa\u021bii, afec\u021biuni ale coloanei vertebrale, afec\u021biuni ale picioarelor \u0219i afec\u021biuni congenitale ale membrelor.<\/p>\n\n\n\n<h3 class=\"wp-block-heading\"><strong>Diagnostic Detaliat \u0219i Tratament Personalizat<\/strong><\/h3>\n\n\n\n<p>\u00cen ortopedia pediatric\u0103, fiecare caz este unic \u0219i necesit\u0103 o abordare personalizat\u0103. De aceea, ne angaj\u0103m s\u0103 efectu\u0103m evalu\u0103ri detaliate \u0219i teste precise pentru a stabili un diagnostic exact. Baz\u00e2ndu-ne pe aceste informa\u021bii, dezvolt\u0103m planuri de tratament personalizate care s\u0103 abordeze at\u00e2t necesit\u0103\u021bile medicale c\u00e2t \u0219i cele emo\u021bionale ale copilului \u0219i ale familiei sale.&nbsp;<br><br><br><strong>\u00cengrijire Personalizat\u0103 pentru Viitorul S\u0103n\u0103tos al Copiilor Dumneavoastr\u0103<\/strong><\/p>\n\n\n\n<p>Ne dedic\u0103m s\u0103n\u0103t\u0103\u021bii viitoare a copiilor, ocup\u00e2ndu-ne de cei mai mici pacien\u021bi \u00eenc\u0103 de la na\u0219tere. \u00cen primele etape ale vie\u021bii, pot exista numeroase deform\u0103ri de pozi\u021bie \u0219i deform\u0103ri congenitale care, descoperite la timp, pot beneficia de tratament adecvat.<\/p>\n\n\n\n<p>Fie c\u0103 este vorba despre&nbsp;<strong>corectarea pozi\u021biilor incorecte ale picioarelor sau a g\u00e2tului<\/strong>, sau despre tratamentul pentru probleme congenitale ale articula\u021biilor, echipa noastr\u0103 de ortopezi pediatri este aici pentru a v\u0103 ajuta. Prin intermediul evalu\u0103rilor atente \u0219i a tratamentelor personalizate, ne angaj\u0103m s\u0103 corect\u0103m aceste probleme \u00een timp util, asigur\u00e2ndu-ne c\u0103 copiii crescut \u00een s\u0103n\u0103tate \u0219i cu \u00eencredere \u00een propriul lor corp.<\/p>\n\n\n\n<p>La Adeomed, ne concentr\u0103m nu doar pe vindecarea imediat\u0103, ci \u0219i pe&nbsp;<strong>prevenirea problemelor viitoare<\/strong>. \u00cencuraj\u0103m p\u0103rin\u021bii s\u0103 aduc\u0103 bebelu\u0219ii pentru evalu\u0103ri ortopedice periodice, permi\u021b\u00e2ndu-ne s\u0103 detect\u0103m \u0219i s\u0103 intervenim \u00eenainte ca problemele s\u0103 se agraveze. Cu o aten\u021bie deosebit\u0103 la detalii \u0219i cu abilit\u0103\u021bi chirurgicale excep\u021bionale, echipa noastr\u0103 de ortopezi pediatri lucreaz\u0103 pentru a asigura c\u0103 fiecare copil beneficiaz\u0103 de cea mai bun\u0103 \u00eengrijire ortopedic\u0103 posibil\u0103.<\/p>\n\n\n\n<h3 class=\"wp-block-heading\"><strong>Un Mediu Calm \u0219i Empatic<\/strong><\/h3>\n\n\n\n<p>\u00cen\u021belegem c\u0103 experien\u021ba de a avea un copil care sufer\u0103 de o afec\u021biune ortopedic\u0103 poate fi cople\u0219itoare pentru \u00eentreaga familie. Prin urmare, am creat un mediu clinic care este atent \u0219i empatic. Fiecare membru al echipei noastre se angajeaz\u0103 s\u0103 creeze un spa\u021biu sigur \u0219i cald \u00een care copiii \u0219i p\u0103rin\u021bii se simt \u00een\u021bele\u0219i \u0219i sprijini\u021bi pe parcursul \u00eentregului proces de tratament.<\/p>\n\n\n\n<h3 class=\"wp-block-heading\"><strong>Educa\u021bie \u0219i Recuperare<\/strong><\/h3>\n\n\n\n<p>O parte esen\u021bial\u0103 a \u00eengrijirii noastre este educa\u021bia. Le explic\u0103m p\u0103rin\u021bilor \u0219i copiilor despre afec\u021biunile ortopedice, op\u021biunile de tratament \u0219i modul \u00een care acestea pot afecta via\u021ba zilnic\u0103 \u0219i activit\u0103\u021bile copilului. Pe l\u00e2ng\u0103 tratament, ne concentr\u0103m \u0219i pe recuperare. Lucr\u0103m \u00eendeaproape cu copiii \u0219i familiile lor pentru a dezvolta programe de terapie fizic\u0103 \u0219i ocupa\u021bional\u0103 care s\u0103 sprijine recuperarea \u0219i \u00eentoarcerea la activit\u0103\u021bile normale.<\/p>\n\n\n\n<figure class=\"wp-block-image\"><img decoding=\"async\" src=\"https:\/\/adeomed.ro\/wp-content\/uploads\/2023\/09\/ortpedie-pediatrica-2.jpg.webp\" alt=\"\" class=\"wp-image-273\" title=\"ortpedie pediatrica 2\"\/><\/figure>\n\n\n\n<h3 class=\"wp-block-heading\"><strong>Transform\u00e2nd Speran\u021bele \u00een Realitate<\/strong><\/h3>\n\n\n\n<p>La Departamentul de Ortopedie Pediatric\u0103 al Clinicii Adeomed, suntem aici pentru a transforma speran\u021bele \u00een realitate. Ne angaj\u0103m s\u0103 ajut\u0103m fiecare copil s\u0103 dep\u0103\u0219easc\u0103 dificult\u0103\u021bile \u0219i s\u0103-\u0219i rec\u00e2\u0219tige mobilitatea \u0219i independen\u021ba. Cu o echip\u0103 dedicat\u0103 de exper\u021bi \u0219i o abordare centrata pe pacient, suntem aici pentru a oferi fiec\u0103rui copil \u00eengrijirea de cea mai \u00eenalt\u0103 calitate \u0219i pentru a ajuta familiile s\u0103 treac\u0103 prin aceast\u0103 experien\u021b\u0103 cu \u00eencredere \u0219i speran\u021b\u0103.<\/p>\n\n\n\n<p>V\u0103 invit\u0103m s\u0103 programa\u021bi o vizit\u0103 la Departamentul de Ortopedie Pediatric\u0103 al Clinicii Adeomed \u0219i s\u0103 experimenta\u021bi calitatea \u0219i profesionalismul nostru \u00een \u00eengrijirea ortopedic\u0103. Suntem aici pentru a v\u0103 sprijini \u00een fiecare pas al drumului \u0219i pentru a ajuta copiii dumneavoastr\u0103 s\u0103 \u00ee\u0219i ating\u0103 \u00eentregul poten\u021bial.<\/p>\n","protected":false},"excerpt":{"rendered":"<p>La Clinica Adeomed, suntem dedica\u021bi s\u0103 oferim cea mai \u00eenalt\u0103 calitate de \u00eengrijire ortopedic\u0103 pentru cei mai mici pacien\u021bi ai no\u0219tri. Departamentul nostru de ortopedie pediatric\u0103 reprezint\u0103 o punte \u00eentre \u0219tiin\u021ba medical\u0103 avansat\u0103 \u0219i arta restaur\u0103rii s\u0103n\u0103t\u0103\u021bii \u0219i mobilit\u0103\u021bii copiilor. Ne-am angajat s\u0103 ajut\u0103m copiii s\u0103 se recupereze de accidente, leziuni sau afec\u021biuni congenitale, s\u0103-\u0219i [&hellip;]<\/p>\n","protected":false},"author":1,"featured_media":0,"parent":0,"menu_order":0,"comment_status":"closed","ping_status":"closed","template":"","meta":{"footnotes":""},"class_list":["post-954","page","type-page","status-publish","hentry"],"_links":{"self":[{"href":"https:\/\/bytebrainblog.com\/index.php\/wp-json\/wp\/v2\/pages\/954"}],"collection":[{"href":"https:\/\/bytebrainblog.com\/index.php\/wp-json\/wp\/v2\/pages"}],"about":[{"href":"https:\/\/bytebrainblog.com\/index.php\/wp-json\/wp\/v2\/types\/page"}],"author":[{"embeddable":true,"href":"https:\/\/bytebrainblog.com\/index.php\/wp-json\/wp\/v2\/users\/1"}],"replies":[{"embeddable":true,"href":"https:\/\/bytebrainblog.com\/index.php\/wp-json\/wp\/v2\/comments?post=954"}],"version-history":[{"count":15,"href":"https:\/\/bytebrainblog.com\/index.php\/wp-json\/wp\/v2\/pages\/954\/revisions"}],"predecessor-version":[{"id":2335,"href":"https:\/\/bytebrainblog.com\/index.php\/wp-json\/wp\/v2\/pages\/954\/revisions\/2335"}],"wp:attachment":[{"href":"https:\/\/bytebrainblog.com\/index.php\/wp-json\/wp\/v2\/media?parent=954"}],"curies":[{"name":"wp","href":"https:\/\/api.w.org\/{rel}","templated":true}]}}